{"id":1777,"date":"2024-03-28T10:20:10","date_gmt":"2024-03-28T10:20:10","guid":{"rendered":"https:\/\/talladeferro.com\/?page_id=1777"},"modified":"2024-04-02T07:53:10","modified_gmt":"2024-04-02T07:53:10","slug":"kit-digital","status":"publish","type":"page","link":"https:\/\/talladeferro.com\/es\/kit-digital\/","title":{"rendered":"Kit Digital"},"content":{"rendered":"<div class=\"gb-container gb-container-0c988a36\">\n<div class=\"gb-container gb-container-c6d9cdf7\">\n\n<h2 class=\"gb-headline gb-headline-0e9e10b4 gb-headline-text\">Finan\u00e7at per la Uni\u00f3 Europea \u2013 NextGenerationEU. Tot i aix\u00f2, els punts de vista i les opinions expressades s\u00f3n \u00fanicament els de l\u2019autor o autors i no reflecteixen necess\u00e0riament els de la Uni\u00f3 Europea o la Comissi\u00f3 Europea. Ni la Uni\u00f3 Europea ni la Comissi\u00f3 Europea poden ser considerades responsables de les mateixes.<\/h2>\n\n\n\n<figure class=\"gb-block-image gb-block-image-9105467b\"><img loading=\"lazy\" decoding=\"async\" width=\"2048\" height=\"237\" class=\"gb-image gb-image-9105467b\" src=\"https:\/\/talladeferro.com\/wp-content\/uploads\/2024\/04\/kit-digital-logo.png\" alt=\"\" title=\"kit-digital-logo\" srcset=\"https:\/\/talladeferro.com\/wp-content\/uploads\/2024\/04\/kit-digital-logo.png 2048w, https:\/\/talladeferro.com\/wp-content\/uploads\/2024\/04\/kit-digital-logo-300x35.png 300w, https:\/\/talladeferro.com\/wp-content\/uploads\/2024\/04\/kit-digital-logo-1024x119.png 1024w, https:\/\/talladeferro.com\/wp-content\/uploads\/2024\/04\/kit-digital-logo-768x89.png 768w, https:\/\/talladeferro.com\/wp-content\/uploads\/2024\/04\/kit-digital-logo-1536x178.png 1536w, https:\/\/talladeferro.com\/wp-content\/uploads\/2024\/04\/kit-digital-logo-18x2.png 18w, https:\/\/talladeferro.com\/wp-content\/uploads\/2024\/04\/kit-digital-logo-1320x153.png 1320w, https:\/\/talladeferro.com\/wp-content\/uploads\/2024\/04\/kit-digital-logo-600x69.png 600w\" sizes=\"auto, (max-width: 2048px) 100vw, 2048px\" \/><\/figure>\n\n<\/div>\n<\/div>","protected":false},"excerpt":{"rendered":"<p>Finan\u00e7at per la Uni\u00f3 Europea \u2013 NextGenerationEU. Tot i aix\u00f2, els punts de vista i les opinions expressades s\u00f3n \u00fanicament els de l\u2019autor o autors i no reflecteixen necess\u00e0riament els de la Uni\u00f3 Europea o la Comissi\u00f3 Europea. Ni la Uni\u00f3 Europea ni la Comissi\u00f3 Europea poden ser considerades responsables de les mateixes.<\/p>","protected":false},"author":2,"featured_media":0,"parent":0,"menu_order":0,"comment_status":"closed","ping_status":"closed","template":"","meta":{"footnotes":""},"class_list":["post-1777","page","type-page","status-publish"],"yoast_head":"<!-- This site is optimized with the Yoast SEO plugin v25.3 - https:\/\/yoast.com\/wordpress\/plugins\/seo\/ -->\n<title>Kit Digital - Tall(a) de Ferro<\/title>\n<meta name=\"robots\" content=\"index, follow, max-snippet:-1, max-image-preview:large, max-video-preview:-1\" \/>\n<link rel=\"canonical\" href=\"https:\/\/talladeferro.com\/es\/kit-digital\/\" \/>\n<meta property=\"og:locale\" content=\"es_ES\" \/>\n<meta property=\"og:type\" content=\"article\" \/>\n<meta property=\"og:title\" content=\"Kit Digital - Tall(a) de Ferro\" \/>\n<meta property=\"og:description\" content=\"Finan\u00e7at per la Uni\u00f3 Europea \u2013 NextGenerationEU. Tot i aix\u00f2, els punts de vista i les opinions expressades s\u00f3n \u00fanicament els de l\u2019autor o autors i no reflecteixen necess\u00e0riament els de la Uni\u00f3 Europea o la Comissi\u00f3 Europea. Ni la Uni\u00f3 Europea ni la Comissi\u00f3 Europea poden ser considerades responsables de les mateixes.\" \/>\n<meta property=\"og:url\" content=\"https:\/\/talladeferro.com\/es\/kit-digital\/\" \/>\n<meta property=\"og:site_name\" content=\"Tall(a) de Ferro\" \/>\n<meta property=\"article:modified_time\" content=\"2024-04-02T07:53:10+00:00\" \/>\n<meta property=\"og:image\" content=\"https:\/\/talladeferro.com\/wp-content\/uploads\/2024\/04\/kit-digital-logo.png\" \/>\n<meta name=\"twitter:card\" content=\"summary_large_image\" \/>\n<meta name=\"twitter:label1\" content=\"Tiempo de lectura\" \/>\n\t<meta name=\"twitter:data1\" content=\"1 minuto\" \/>\n<script type=\"application\/ld+json\" class=\"yoast-schema-graph\">{\"@context\":\"https:\/\/schema.org\",\"@graph\":[{\"@type\":\"WebPage\",\"@id\":\"https:\/\/talladeferro.com\/kit-digital\/\",\"url\":\"https:\/\/talladeferro.com\/kit-digital\/\",\"name\":\"Kit Digital - Tall(a) de Ferro\",\"isPartOf\":{\"@id\":\"https:\/\/talladeferro.com\/#website\"},\"primaryImageOfPage\":{\"@id\":\"https:\/\/talladeferro.com\/kit-digital\/#primaryimage\"},\"image\":{\"@id\":\"https:\/\/talladeferro.com\/kit-digital\/#primaryimage\"},\"thumbnailUrl\":\"https:\/\/talladeferro.com\/wp-content\/uploads\/2024\/04\/kit-digital-logo.png\",\"datePublished\":\"2024-03-28T10:20:10+00:00\",\"dateModified\":\"2024-04-02T07:53:10+00:00\",\"breadcrumb\":{\"@id\":\"https:\/\/talladeferro.com\/kit-digital\/#breadcrumb\"},\"inLanguage\":\"es\",\"potentialAction\":[{\"@type\":\"ReadAction\",\"target\":[\"https:\/\/talladeferro.com\/kit-digital\/\"]}]},{\"@type\":\"ImageObject\",\"inLanguage\":\"es\",\"@id\":\"https:\/\/talladeferro.com\/kit-digital\/#primaryimage\",\"url\":\"https:\/\/talladeferro.com\/wp-content\/uploads\/2024\/04\/kit-digital-logo.png\",\"contentUrl\":\"https:\/\/talladeferro.com\/wp-content\/uploads\/2024\/04\/kit-digital-logo.png\"},{\"@type\":\"BreadcrumbList\",\"@id\":\"https:\/\/talladeferro.com\/kit-digital\/#breadcrumb\",\"itemListElement\":[{\"@type\":\"ListItem\",\"position\":1,\"name\":\"Inici\",\"item\":\"https:\/\/talladeferro.com\/\"},{\"@type\":\"ListItem\",\"position\":2,\"name\":\"Kit Digital\"}]},{\"@type\":\"WebSite\",\"@id\":\"https:\/\/talladeferro.com\/#website\",\"url\":\"https:\/\/talladeferro.com\/\",\"name\":\"Tall(a) de Ferro\",\"description\":\"L&#039;artesana del ferro.\",\"publisher\":{\"@id\":\"https:\/\/talladeferro.com\/#organization\"},\"potentialAction\":[{\"@type\":\"SearchAction\",\"target\":{\"@type\":\"EntryPoint\",\"urlTemplate\":\"https:\/\/talladeferro.com\/?s={search_term_string}\"},\"query-input\":{\"@type\":\"PropertyValueSpecification\",\"valueRequired\":true,\"valueName\":\"search_term_string\"}}],\"inLanguage\":\"es\"},{\"@type\":\"Organization\",\"@id\":\"https:\/\/talladeferro.com\/#organization\",\"name\":\"Tall(a) de Ferro\",\"url\":\"https:\/\/talladeferro.com\/\",\"logo\":{\"@type\":\"ImageObject\",\"inLanguage\":\"es\",\"@id\":\"https:\/\/talladeferro.com\/#\/schema\/logo\/image\/\",\"url\":\"https:\/\/talladeferro.com\/wp-content\/uploads\/2024\/03\/logo_talla_de_ferro.svg\",\"contentUrl\":\"https:\/\/talladeferro.com\/wp-content\/uploads\/2024\/03\/logo_talla_de_ferro.svg\",\"width\":268,\"height\":163,\"caption\":\"Tall(a) de Ferro\"},\"image\":{\"@id\":\"https:\/\/talladeferro.com\/#\/schema\/logo\/image\/\"},\"sameAs\":[\"https:\/\/www.instagram.com\/talla_de_ferro\/\"]}]}<\/script>\n<!-- \/ Yoast SEO plugin. -->","yoast_head_json":{"title":"Kit Digital - Tall(a) de Ferro","robots":{"index":"index","follow":"follow","max-snippet":"max-snippet:-1","max-image-preview":"max-image-preview:large","max-video-preview":"max-video-preview:-1"},"canonical":"https:\/\/talladeferro.com\/es\/kit-digital\/","og_locale":"es_ES","og_type":"article","og_title":"Kit Digital - Tall(a) de Ferro","og_description":"Finan\u00e7at per la Uni\u00f3 Europea \u2013 NextGenerationEU. Tot i aix\u00f2, els punts de vista i les opinions expressades s\u00f3n \u00fanicament els de l\u2019autor o autors i no reflecteixen necess\u00e0riament els de la Uni\u00f3 Europea o la Comissi\u00f3 Europea. Ni la Uni\u00f3 Europea ni la Comissi\u00f3 Europea poden ser considerades responsables de les mateixes.","og_url":"https:\/\/talladeferro.com\/es\/kit-digital\/","og_site_name":"Tall(a) de Ferro","article_modified_time":"2024-04-02T07:53:10+00:00","og_image":[{"url":"https:\/\/talladeferro.com\/wp-content\/uploads\/2024\/04\/kit-digital-logo.png","type":"","width":"","height":""}],"twitter_card":"summary_large_image","twitter_misc":{"Tiempo de lectura":"1 minuto"},"schema":{"@context":"https:\/\/schema.org","@graph":[{"@type":"WebPage","@id":"https:\/\/talladeferro.com\/kit-digital\/","url":"https:\/\/talladeferro.com\/kit-digital\/","name":"Kit Digital - Tall(a) de Ferro","isPartOf":{"@id":"https:\/\/talladeferro.com\/#website"},"primaryImageOfPage":{"@id":"https:\/\/talladeferro.com\/kit-digital\/#primaryimage"},"image":{"@id":"https:\/\/talladeferro.com\/kit-digital\/#primaryimage"},"thumbnailUrl":"https:\/\/talladeferro.com\/wp-content\/uploads\/2024\/04\/kit-digital-logo.png","datePublished":"2024-03-28T10:20:10+00:00","dateModified":"2024-04-02T07:53:10+00:00","breadcrumb":{"@id":"https:\/\/talladeferro.com\/kit-digital\/#breadcrumb"},"inLanguage":"es","potentialAction":[{"@type":"ReadAction","target":["https:\/\/talladeferro.com\/kit-digital\/"]}]},{"@type":"ImageObject","inLanguage":"es","@id":"https:\/\/talladeferro.com\/kit-digital\/#primaryimage","url":"https:\/\/talladeferro.com\/wp-content\/uploads\/2024\/04\/kit-digital-logo.png","contentUrl":"https:\/\/talladeferro.com\/wp-content\/uploads\/2024\/04\/kit-digital-logo.png"},{"@type":"BreadcrumbList","@id":"https:\/\/talladeferro.com\/kit-digital\/#breadcrumb","itemListElement":[{"@type":"ListItem","position":1,"name":"Inici","item":"https:\/\/talladeferro.com\/"},{"@type":"ListItem","position":2,"name":"Kit Digital"}]},{"@type":"WebSite","@id":"https:\/\/talladeferro.com\/#website","url":"https:\/\/talladeferro.com\/","name":"Tall(a) de Ferro","description":"L&#039;artesana del ferro.","publisher":{"@id":"https:\/\/talladeferro.com\/#organization"},"potentialAction":[{"@type":"SearchAction","target":{"@type":"EntryPoint","urlTemplate":"https:\/\/talladeferro.com\/?s={search_term_string}"},"query-input":{"@type":"PropertyValueSpecification","valueRequired":true,"valueName":"search_term_string"}}],"inLanguage":"es"},{"@type":"Organization","@id":"https:\/\/talladeferro.com\/#organization","name":"Tall(a) de Ferro","url":"https:\/\/talladeferro.com\/","logo":{"@type":"ImageObject","inLanguage":"es","@id":"https:\/\/talladeferro.com\/#\/schema\/logo\/image\/","url":"https:\/\/talladeferro.com\/wp-content\/uploads\/2024\/03\/logo_talla_de_ferro.svg","contentUrl":"https:\/\/talladeferro.com\/wp-content\/uploads\/2024\/03\/logo_talla_de_ferro.svg","width":268,"height":163,"caption":"Tall(a) de Ferro"},"image":{"@id":"https:\/\/talladeferro.com\/#\/schema\/logo\/image\/"},"sameAs":["https:\/\/www.instagram.com\/talla_de_ferro\/"]}]}},"_links":{"self":[{"href":"https:\/\/talladeferro.com\/es\/wp-json\/wp\/v2\/pages\/1777","targetHints":{"allow":["GET"]}}],"collection":[{"href":"https:\/\/talladeferro.com\/es\/wp-json\/wp\/v2\/pages"}],"about":[{"href":"https:\/\/talladeferro.com\/es\/wp-json\/wp\/v2\/types\/page"}],"author":[{"embeddable":true,"href":"https:\/\/talladeferro.com\/es\/wp-json\/wp\/v2\/users\/2"}],"replies":[{"embeddable":true,"href":"https:\/\/talladeferro.com\/es\/wp-json\/wp\/v2\/comments?post=1777"}],"version-history":[{"count":4,"href":"https:\/\/talladeferro.com\/es\/wp-json\/wp\/v2\/pages\/1777\/revisions"}],"predecessor-version":[{"id":1788,"href":"https:\/\/talladeferro.com\/es\/wp-json\/wp\/v2\/pages\/1777\/revisions\/1788"}],"wp:attachment":[{"href":"https:\/\/talladeferro.com\/es\/wp-json\/wp\/v2\/media?parent=1777"}],"curies":[{"name":"wp","href":"https:\/\/api.w.org\/{rel}","templated":true}]}}