{"id":1539,"date":"2024-02-28T17:40:38","date_gmt":"2024-02-28T17:40:38","guid":{"rendered":"https:\/\/talladeferro.tandem.ws\/?post_type=product&#038;p=1539"},"modified":"2024-05-20T18:51:17","modified_gmt":"2024-05-20T18:51:17","slug":"taulaka-taula-gran","status":"publish","type":"product","link":"https:\/\/talladeferro.com\/es\/producto\/taulaka-taula-gran\/","title":{"rendered":"TAULAKA"},"content":{"rendered":"<p>Experimenta la calidesa de la fusta massissa combinada amb la for\u00e7a del ferro en la Taula Gran Menjador de Tall(a) de Ferro TAULAKA.<\/p>\n<p>Aquesta taula impressionant presenta una superf\u00edcie de fusta massissa, perfecta per a reunions familiars o sopars amb amics. Amb peus de ferro estilitzats, aquesta taula no nom\u00e9s ofereix durabilitat sin\u00f3 tamb\u00e9 una est\u00e8tica industrial moderna. Crea un ambient acollidor i elegant amb la Taula Gran Menjador de Tall(a) de Ferro, una obra mestra que converteix els \u00e0pats en experi\u00e8ncies \u00faniques.<\/p>\n<p><strong>Variaci\u00f3 del preu segons la fusta destijada. Es parteix d&#8217;un m\u00ednim de 600 \u20ac.<\/strong><\/p>","protected":false},"excerpt":{"rendered":"<p><strong>Taula de fusta massissa amb potes de ferro (variaci\u00f3 de preu segons tipus de fusta desitjat)<\/strong><\/p>\n<p>Experimenta la calidesa de la fusta massissa combinada amb la for\u00e7a del ferro en la Taula Gran Menjador de Tall(a) de Ferro TAULAKA.<\/p>\n<p>Aquesta taula impressionant presenta una superf\u00edcie de fusta massissa, perfecta per a reunions familiars o sopars amb amics. Amb peus de ferro estilitzats, aquesta taula no nom\u00e9s ofereix durabilitat sin\u00f3 tamb\u00e9 una est\u00e8tica industrial moderna. Crea un ambient acollidor i elegant amb la Taula Gran Menjador de Tall(a) de Ferro, una obra mestra que converteix els \u00e0pats en experi\u00e8ncies \u00faniques.<\/p>","protected":false},"featured_media":1728,"comment_status":"open","ping_status":"closed","template":"","meta":[],"product_brand":[],"product_cat":[25,26],"product_tag":[],"class_list":{"0":"post-1539","1":"product","2":"type-product","3":"status-publish","4":"has-post-thumbnail","6":"product_cat-ferro","7":"product_cat-fusta","8":"sales-flash-overlay","9":"woocommerce-text-align-left","10":"woocommerce-image-align-center","11":"do-quantity-buttons","13":"first","14":"outofstock","15":"shipping-taxable","16":"purchasable","17":"product-type-simple"},"yoast_head":"<!-- This site is optimized with the Yoast SEO plugin v25.3 - https:\/\/yoast.com\/wordpress\/plugins\/seo\/ -->\n<title>TAULAKA - Tall(a) de Ferro<\/title>\n<meta name=\"robots\" content=\"index, follow, max-snippet:-1, max-image-preview:large, max-video-preview:-1\" \/>\n<link rel=\"canonical\" href=\"https:\/\/talladeferro.com\/es\/producto\/taulaka-taula-gran\/\" \/>\n<meta property=\"og:locale\" content=\"es_ES\" \/>\n<meta property=\"og:type\" content=\"article\" \/>\n<meta property=\"og:title\" content=\"TAULAKA - Tall(a) de Ferro\" \/>\n<meta property=\"og:description\" content=\"Taula de fusta massissa amb potes de ferro (variaci\u00f3 de preu segons tipus de fusta desitjat)  Experimenta la calidesa de la fusta massissa combinada amb la for\u00e7a del ferro en la Taula Gran Menjador de Tall(a) de Ferro TAULAKA.  Aquesta taula impressionant presenta una superf\u00edcie de fusta massissa, perfecta per a reunions familiars o sopars amb amics. Amb peus de ferro estilitzats, aquesta taula no nom\u00e9s ofereix durabilitat sin\u00f3 tamb\u00e9 una est\u00e8tica industrial moderna. Crea un ambient acollidor i elegant amb la Taula Gran Menjador de Tall(a) de Ferro, una obra mestra que converteix els \u00e0pats en experi\u00e8ncies \u00faniques.\" \/>\n<meta property=\"og:url\" content=\"https:\/\/talladeferro.com\/es\/producto\/taulaka-taula-gran\/\" \/>\n<meta property=\"og:site_name\" content=\"Tall(a) de Ferro\" \/>\n<meta property=\"article:modified_time\" content=\"2024-05-20T18:51:17+00:00\" \/>\n<meta property=\"og:image\" content=\"https:\/\/talladeferro.com\/wp-content\/uploads\/2024\/02\/1.png\" \/>\n\t<meta property=\"og:image:width\" content=\"1080\" \/>\n\t<meta property=\"og:image:height\" content=\"1080\" \/>\n\t<meta property=\"og:image:type\" content=\"image\/png\" \/>\n<meta name=\"twitter:card\" content=\"summary_large_image\" \/>\n<meta name=\"twitter:label1\" content=\"Tiempo de lectura\" \/>\n\t<meta name=\"twitter:data1\" content=\"1 minuto\" \/>\n<script type=\"application\/ld+json\" class=\"yoast-schema-graph\">{\"@context\":\"https:\/\/schema.org\",\"@graph\":[{\"@type\":\"WebPage\",\"@id\":\"https:\/\/talladeferro.com\/producte\/taulaka-taula-gran\/\",\"url\":\"https:\/\/talladeferro.com\/producte\/taulaka-taula-gran\/\",\"name\":\"TAULAKA - Tall(a) de Ferro\",\"isPartOf\":{\"@id\":\"https:\/\/talladeferro.com\/#website\"},\"primaryImageOfPage\":{\"@id\":\"https:\/\/talladeferro.com\/producte\/taulaka-taula-gran\/#primaryimage\"},\"image\":{\"@id\":\"https:\/\/talladeferro.com\/producte\/taulaka-taula-gran\/#primaryimage\"},\"thumbnailUrl\":\"https:\/\/talladeferro.com\/wp-content\/uploads\/2024\/02\/1.png\",\"datePublished\":\"2024-02-28T17:40:38+00:00\",\"dateModified\":\"2024-05-20T18:51:17+00:00\",\"breadcrumb\":{\"@id\":\"https:\/\/talladeferro.com\/producte\/taulaka-taula-gran\/#breadcrumb\"},\"inLanguage\":\"es\",\"potentialAction\":[{\"@type\":\"ReadAction\",\"target\":[\"https:\/\/talladeferro.com\/producte\/taulaka-taula-gran\/\"]}]},{\"@type\":\"ImageObject\",\"inLanguage\":\"es\",\"@id\":\"https:\/\/talladeferro.com\/producte\/taulaka-taula-gran\/#primaryimage\",\"url\":\"https:\/\/talladeferro.com\/wp-content\/uploads\/2024\/02\/1.png\",\"contentUrl\":\"https:\/\/talladeferro.com\/wp-content\/uploads\/2024\/02\/1.png\",\"width\":1080,\"height\":1080,\"caption\":\"Taula, fusta, fusta masissa, artesania, ferro, minimal, disseny, Talla de Ferro, dona, feminisme, casa, decoraci\u00f3, mobiliari, a mida, personalitzat.\"},{\"@type\":\"BreadcrumbList\",\"@id\":\"https:\/\/talladeferro.com\/producte\/taulaka-taula-gran\/#breadcrumb\",\"itemListElement\":[{\"@type\":\"ListItem\",\"position\":1,\"name\":\"Inici\",\"item\":\"https:\/\/talladeferro.com\/\"},{\"@type\":\"ListItem\",\"position\":2,\"name\":\"Productes\",\"item\":\"https:\/\/talladeferro.com\/shop\/\"},{\"@type\":\"ListItem\",\"position\":3,\"name\":\"TAULAKA\"}]},{\"@type\":\"WebSite\",\"@id\":\"https:\/\/talladeferro.com\/#website\",\"url\":\"https:\/\/talladeferro.com\/\",\"name\":\"Tall(a) de Ferro\",\"description\":\"L&#039;artesana del ferro.\",\"publisher\":{\"@id\":\"https:\/\/talladeferro.com\/#organization\"},\"potentialAction\":[{\"@type\":\"SearchAction\",\"target\":{\"@type\":\"EntryPoint\",\"urlTemplate\":\"https:\/\/talladeferro.com\/?s={search_term_string}\"},\"query-input\":{\"@type\":\"PropertyValueSpecification\",\"valueRequired\":true,\"valueName\":\"search_term_string\"}}],\"inLanguage\":\"es\"},{\"@type\":\"Organization\",\"@id\":\"https:\/\/talladeferro.com\/#organization\",\"name\":\"Tall(a) de Ferro\",\"url\":\"https:\/\/talladeferro.com\/\",\"logo\":{\"@type\":\"ImageObject\",\"inLanguage\":\"es\",\"@id\":\"https:\/\/talladeferro.com\/#\/schema\/logo\/image\/\",\"url\":\"https:\/\/talladeferro.com\/wp-content\/uploads\/2024\/03\/logo_talla_de_ferro.svg\",\"contentUrl\":\"https:\/\/talladeferro.com\/wp-content\/uploads\/2024\/03\/logo_talla_de_ferro.svg\",\"width\":268,\"height\":163,\"caption\":\"Tall(a) de Ferro\"},\"image\":{\"@id\":\"https:\/\/talladeferro.com\/#\/schema\/logo\/image\/\"},\"sameAs\":[\"https:\/\/www.instagram.com\/talla_de_ferro\/\"]}]}<\/script>\n<!-- \/ Yoast SEO plugin. -->","yoast_head_json":{"title":"TAULAKA - Tall(a) de Ferro","robots":{"index":"index","follow":"follow","max-snippet":"max-snippet:-1","max-image-preview":"max-image-preview:large","max-video-preview":"max-video-preview:-1"},"canonical":"https:\/\/talladeferro.com\/es\/producto\/taulaka-taula-gran\/","og_locale":"es_ES","og_type":"article","og_title":"TAULAKA - Tall(a) de Ferro","og_description":"Taula de fusta massissa amb potes de ferro (variaci\u00f3 de preu segons tipus de fusta desitjat)  Experimenta la calidesa de la fusta massissa combinada amb la for\u00e7a del ferro en la Taula Gran Menjador de Tall(a) de Ferro TAULAKA.  Aquesta taula impressionant presenta una superf\u00edcie de fusta massissa, perfecta per a reunions familiars o sopars amb amics. Amb peus de ferro estilitzats, aquesta taula no nom\u00e9s ofereix durabilitat sin\u00f3 tamb\u00e9 una est\u00e8tica industrial moderna. Crea un ambient acollidor i elegant amb la Taula Gran Menjador de Tall(a) de Ferro, una obra mestra que converteix els \u00e0pats en experi\u00e8ncies \u00faniques.","og_url":"https:\/\/talladeferro.com\/es\/producto\/taulaka-taula-gran\/","og_site_name":"Tall(a) de Ferro","article_modified_time":"2024-05-20T18:51:17+00:00","og_image":[{"width":1080,"height":1080,"url":"https:\/\/talladeferro.com\/wp-content\/uploads\/2024\/02\/1.png","type":"image\/png"}],"twitter_card":"summary_large_image","twitter_misc":{"Tiempo de lectura":"1 minuto"},"schema":{"@context":"https:\/\/schema.org","@graph":[{"@type":"WebPage","@id":"https:\/\/talladeferro.com\/producte\/taulaka-taula-gran\/","url":"https:\/\/talladeferro.com\/producte\/taulaka-taula-gran\/","name":"TAULAKA - Tall(a) de Ferro","isPartOf":{"@id":"https:\/\/talladeferro.com\/#website"},"primaryImageOfPage":{"@id":"https:\/\/talladeferro.com\/producte\/taulaka-taula-gran\/#primaryimage"},"image":{"@id":"https:\/\/talladeferro.com\/producte\/taulaka-taula-gran\/#primaryimage"},"thumbnailUrl":"https:\/\/talladeferro.com\/wp-content\/uploads\/2024\/02\/1.png","datePublished":"2024-02-28T17:40:38+00:00","dateModified":"2024-05-20T18:51:17+00:00","breadcrumb":{"@id":"https:\/\/talladeferro.com\/producte\/taulaka-taula-gran\/#breadcrumb"},"inLanguage":"es","potentialAction":[{"@type":"ReadAction","target":["https:\/\/talladeferro.com\/producte\/taulaka-taula-gran\/"]}]},{"@type":"ImageObject","inLanguage":"es","@id":"https:\/\/talladeferro.com\/producte\/taulaka-taula-gran\/#primaryimage","url":"https:\/\/talladeferro.com\/wp-content\/uploads\/2024\/02\/1.png","contentUrl":"https:\/\/talladeferro.com\/wp-content\/uploads\/2024\/02\/1.png","width":1080,"height":1080,"caption":"Taula, fusta, fusta masissa, artesania, ferro, minimal, disseny, Talla de Ferro, dona, feminisme, casa, decoraci\u00f3, mobiliari, a mida, personalitzat."},{"@type":"BreadcrumbList","@id":"https:\/\/talladeferro.com\/producte\/taulaka-taula-gran\/#breadcrumb","itemListElement":[{"@type":"ListItem","position":1,"name":"Inici","item":"https:\/\/talladeferro.com\/"},{"@type":"ListItem","position":2,"name":"Productes","item":"https:\/\/talladeferro.com\/shop\/"},{"@type":"ListItem","position":3,"name":"TAULAKA"}]},{"@type":"WebSite","@id":"https:\/\/talladeferro.com\/#website","url":"https:\/\/talladeferro.com\/","name":"Tall(a) de Ferro","description":"L&#039;artesana del ferro.","publisher":{"@id":"https:\/\/talladeferro.com\/#organization"},"potentialAction":[{"@type":"SearchAction","target":{"@type":"EntryPoint","urlTemplate":"https:\/\/talladeferro.com\/?s={search_term_string}"},"query-input":{"@type":"PropertyValueSpecification","valueRequired":true,"valueName":"search_term_string"}}],"inLanguage":"es"},{"@type":"Organization","@id":"https:\/\/talladeferro.com\/#organization","name":"Tall(a) de Ferro","url":"https:\/\/talladeferro.com\/","logo":{"@type":"ImageObject","inLanguage":"es","@id":"https:\/\/talladeferro.com\/#\/schema\/logo\/image\/","url":"https:\/\/talladeferro.com\/wp-content\/uploads\/2024\/03\/logo_talla_de_ferro.svg","contentUrl":"https:\/\/talladeferro.com\/wp-content\/uploads\/2024\/03\/logo_talla_de_ferro.svg","width":268,"height":163,"caption":"Tall(a) de Ferro"},"image":{"@id":"https:\/\/talladeferro.com\/#\/schema\/logo\/image\/"},"sameAs":["https:\/\/www.instagram.com\/talla_de_ferro\/"]}]}},"_links":{"self":[{"href":"https:\/\/talladeferro.com\/es\/wp-json\/wp\/v2\/product\/1539","targetHints":{"allow":["GET"]}}],"collection":[{"href":"https:\/\/talladeferro.com\/es\/wp-json\/wp\/v2\/product"}],"about":[{"href":"https:\/\/talladeferro.com\/es\/wp-json\/wp\/v2\/types\/product"}],"replies":[{"embeddable":true,"href":"https:\/\/talladeferro.com\/es\/wp-json\/wp\/v2\/comments?post=1539"}],"wp:featuredmedia":[{"embeddable":true,"href":"https:\/\/talladeferro.com\/es\/wp-json\/wp\/v2\/media\/1728"}],"wp:attachment":[{"href":"https:\/\/talladeferro.com\/es\/wp-json\/wp\/v2\/media?parent=1539"}],"wp:term":[{"taxonomy":"product_brand","embeddable":true,"href":"https:\/\/talladeferro.com\/es\/wp-json\/wp\/v2\/product_brand?post=1539"},{"taxonomy":"product_cat","embeddable":true,"href":"https:\/\/talladeferro.com\/es\/wp-json\/wp\/v2\/product_cat?post=1539"},{"taxonomy":"product_tag","embeddable":true,"href":"https:\/\/talladeferro.com\/es\/wp-json\/wp\/v2\/product_tag?post=1539"}],"curies":[{"name":"wp","href":"https:\/\/api.w.org\/{rel}","templated":true}]}}