{"id":1713,"date":"2024-03-26T14:45:40","date_gmt":"2024-03-26T14:45:40","guid":{"rendered":"https:\/\/talladeferro.com\/?post_type=product&#038;p=1713"},"modified":"2024-03-26T16:07:26","modified_gmt":"2024-03-26T16:07:26","slug":"penjarak-suport-tovallola","status":"publish","type":"product","link":"https:\/\/talladeferro.com\/es\/producto\/penjarak-suport-tovallola\/","title":{"rendered":"PENJARAK"},"content":{"rendered":"<p>Maximitza la funcionalitat amb estil amb el Suport de Tovalloles de Ferro de Tall(a) de Ferro. Aquest suport combina la resist\u00e8ncia del ferro amb un disseny elegant, proporcionant una soluci\u00f3 pr\u00e0ctica i est\u00e8tica per al teu paper higi\u00e8nic.<\/p>\n<p>Instal\u00b7la aquest suport amb facilitat i transforma el teu bany amb la funcionalitat duradora i l&#8217;estil artesanal de Tall(a) de Ferro.<\/p>","protected":false},"excerpt":{"rendered":"<p><strong>Suport tovallola de ferro.<\/strong><\/p>\n<p>Maximitza la funcionalitat amb estil amb el Suport per Tovalloles de Ferro de Tall(a) de Ferro ROLLEK.<\/p>\n<p>Aquest suport combina la resist\u00e8ncia del ferro amb un disseny elegant, proporcionant una soluci\u00f3 pr\u00e0ctica i est\u00e8tica per al teu lavabo. Instal\u00b7la aquest suport amb facilitat i transforma el teu bany amb la funcionalitat duradora i l&#8217;estil artesanal de Tall(a) de Ferro.<\/p>","protected":false},"featured_media":1720,"comment_status":"open","ping_status":"closed","template":"","meta":[],"product_brand":[],"product_cat":[25],"product_tag":[],"class_list":{"0":"post-1713","1":"product","2":"type-product","3":"status-publish","4":"has-post-thumbnail","6":"product_cat-ferro","7":"sales-flash-overlay","8":"woocommerce-text-align-left","9":"woocommerce-image-align-center","10":"do-quantity-buttons","12":"first","13":"instock","14":"shipping-taxable","15":"purchasable","16":"product-type-simple"},"yoast_head":"<!-- This site is optimized with the Yoast SEO plugin v25.3 - https:\/\/yoast.com\/wordpress\/plugins\/seo\/ -->\n<title>PENJARAK - Tall(a) de Ferro<\/title>\n<meta name=\"robots\" content=\"index, follow, max-snippet:-1, max-image-preview:large, max-video-preview:-1\" \/>\n<link rel=\"canonical\" href=\"https:\/\/talladeferro.com\/es\/producto\/penjarak-suport-tovallola\/\" \/>\n<meta property=\"og:locale\" content=\"es_ES\" \/>\n<meta property=\"og:type\" content=\"article\" \/>\n<meta property=\"og:title\" content=\"PENJARAK - Tall(a) de Ferro\" \/>\n<meta property=\"og:description\" content=\"Suport tovallola de ferro.  Maximitza la funcionalitat amb estil amb el Suport per Tovalloles de Ferro de Tall(a) de Ferro ROLLEK.  Aquest suport combina la resist\u00e8ncia del ferro amb un disseny elegant, proporcionant una soluci\u00f3 pr\u00e0ctica i est\u00e8tica per al teu lavabo. Instal\u00b7la aquest suport amb facilitat i transforma el teu bany amb la funcionalitat duradora i l&#039;estil artesanal de Tall(a) de Ferro.\" \/>\n<meta property=\"og:url\" content=\"https:\/\/talladeferro.com\/es\/producto\/penjarak-suport-tovallola\/\" \/>\n<meta property=\"og:site_name\" content=\"Tall(a) de Ferro\" \/>\n<meta property=\"article:modified_time\" content=\"2024-03-26T16:07:26+00:00\" \/>\n<meta property=\"og:image\" content=\"https:\/\/talladeferro.com\/wp-content\/uploads\/2024\/03\/5-e1711469166707.jpg\" \/>\n\t<meta property=\"og:image:width\" content=\"1080\" \/>\n\t<meta property=\"og:image:height\" content=\"714\" \/>\n\t<meta property=\"og:image:type\" content=\"image\/jpeg\" \/>\n<meta name=\"twitter:card\" content=\"summary_large_image\" \/>\n<script type=\"application\/ld+json\" class=\"yoast-schema-graph\">{\"@context\":\"https:\/\/schema.org\",\"@graph\":[{\"@type\":\"WebPage\",\"@id\":\"https:\/\/talladeferro.com\/producte\/penjarak-suport-tovallola\/\",\"url\":\"https:\/\/talladeferro.com\/producte\/penjarak-suport-tovallola\/\",\"name\":\"PENJARAK - Tall(a) de Ferro\",\"isPartOf\":{\"@id\":\"https:\/\/talladeferro.com\/#website\"},\"primaryImageOfPage\":{\"@id\":\"https:\/\/talladeferro.com\/producte\/penjarak-suport-tovallola\/#primaryimage\"},\"image\":{\"@id\":\"https:\/\/talladeferro.com\/producte\/penjarak-suport-tovallola\/#primaryimage\"},\"thumbnailUrl\":\"https:\/\/talladeferro.com\/wp-content\/uploads\/2024\/03\/5-e1711469166707.jpg\",\"datePublished\":\"2024-03-26T14:45:40+00:00\",\"dateModified\":\"2024-03-26T16:07:26+00:00\",\"breadcrumb\":{\"@id\":\"https:\/\/talladeferro.com\/producte\/penjarak-suport-tovallola\/#breadcrumb\"},\"inLanguage\":\"es\",\"potentialAction\":[{\"@type\":\"ReadAction\",\"target\":[\"https:\/\/talladeferro.com\/producte\/penjarak-suport-tovallola\/\"]}]},{\"@type\":\"ImageObject\",\"inLanguage\":\"es\",\"@id\":\"https:\/\/talladeferro.com\/producte\/penjarak-suport-tovallola\/#primaryimage\",\"url\":\"https:\/\/talladeferro.com\/wp-content\/uploads\/2024\/03\/5-e1711469166707.jpg\",\"contentUrl\":\"https:\/\/talladeferro.com\/wp-content\/uploads\/2024\/03\/5-e1711469166707.jpg\",\"width\":1080,\"height\":714,\"caption\":\"Penjador, tovalloles, wc, casa, creativitat, creativa, creatiu, artesania, ferro, minimal, disseny, Talla de Ferro, dona, feminisme, casa, decoraci\u00f3, mobiliari, a mida, personalitzat.\"},{\"@type\":\"BreadcrumbList\",\"@id\":\"https:\/\/talladeferro.com\/producte\/penjarak-suport-tovallola\/#breadcrumb\",\"itemListElement\":[{\"@type\":\"ListItem\",\"position\":1,\"name\":\"Inici\",\"item\":\"https:\/\/talladeferro.com\/\"},{\"@type\":\"ListItem\",\"position\":2,\"name\":\"Productes\",\"item\":\"https:\/\/talladeferro.com\/shop\/\"},{\"@type\":\"ListItem\",\"position\":3,\"name\":\"PENJARAK\"}]},{\"@type\":\"WebSite\",\"@id\":\"https:\/\/talladeferro.com\/#website\",\"url\":\"https:\/\/talladeferro.com\/\",\"name\":\"Tall(a) de Ferro\",\"description\":\"L&#039;artesana del ferro.\",\"publisher\":{\"@id\":\"https:\/\/talladeferro.com\/#organization\"},\"potentialAction\":[{\"@type\":\"SearchAction\",\"target\":{\"@type\":\"EntryPoint\",\"urlTemplate\":\"https:\/\/talladeferro.com\/?s={search_term_string}\"},\"query-input\":{\"@type\":\"PropertyValueSpecification\",\"valueRequired\":true,\"valueName\":\"search_term_string\"}}],\"inLanguage\":\"es\"},{\"@type\":\"Organization\",\"@id\":\"https:\/\/talladeferro.com\/#organization\",\"name\":\"Tall(a) de Ferro\",\"url\":\"https:\/\/talladeferro.com\/\",\"logo\":{\"@type\":\"ImageObject\",\"inLanguage\":\"es\",\"@id\":\"https:\/\/talladeferro.com\/#\/schema\/logo\/image\/\",\"url\":\"https:\/\/talladeferro.com\/wp-content\/uploads\/2024\/03\/logo_talla_de_ferro.svg\",\"contentUrl\":\"https:\/\/talladeferro.com\/wp-content\/uploads\/2024\/03\/logo_talla_de_ferro.svg\",\"width\":268,\"height\":163,\"caption\":\"Tall(a) de Ferro\"},\"image\":{\"@id\":\"https:\/\/talladeferro.com\/#\/schema\/logo\/image\/\"},\"sameAs\":[\"https:\/\/www.instagram.com\/talla_de_ferro\/\"]}]}<\/script>\n<!-- \/ Yoast SEO plugin. -->","yoast_head_json":{"title":"PENJARAK - Tall(a) de Ferro","robots":{"index":"index","follow":"follow","max-snippet":"max-snippet:-1","max-image-preview":"max-image-preview:large","max-video-preview":"max-video-preview:-1"},"canonical":"https:\/\/talladeferro.com\/es\/producto\/penjarak-suport-tovallola\/","og_locale":"es_ES","og_type":"article","og_title":"PENJARAK - Tall(a) de Ferro","og_description":"Suport tovallola de ferro.  Maximitza la funcionalitat amb estil amb el Suport per Tovalloles de Ferro de Tall(a) de Ferro ROLLEK.  Aquest suport combina la resist\u00e8ncia del ferro amb un disseny elegant, proporcionant una soluci\u00f3 pr\u00e0ctica i est\u00e8tica per al teu lavabo. Instal\u00b7la aquest suport amb facilitat i transforma el teu bany amb la funcionalitat duradora i l'estil artesanal de Tall(a) de Ferro.","og_url":"https:\/\/talladeferro.com\/es\/producto\/penjarak-suport-tovallola\/","og_site_name":"Tall(a) de Ferro","article_modified_time":"2024-03-26T16:07:26+00:00","og_image":[{"width":1080,"height":714,"url":"https:\/\/talladeferro.com\/wp-content\/uploads\/2024\/03\/5-e1711469166707.jpg","type":"image\/jpeg"}],"twitter_card":"summary_large_image","schema":{"@context":"https:\/\/schema.org","@graph":[{"@type":"WebPage","@id":"https:\/\/talladeferro.com\/producte\/penjarak-suport-tovallola\/","url":"https:\/\/talladeferro.com\/producte\/penjarak-suport-tovallola\/","name":"PENJARAK - Tall(a) de Ferro","isPartOf":{"@id":"https:\/\/talladeferro.com\/#website"},"primaryImageOfPage":{"@id":"https:\/\/talladeferro.com\/producte\/penjarak-suport-tovallola\/#primaryimage"},"image":{"@id":"https:\/\/talladeferro.com\/producte\/penjarak-suport-tovallola\/#primaryimage"},"thumbnailUrl":"https:\/\/talladeferro.com\/wp-content\/uploads\/2024\/03\/5-e1711469166707.jpg","datePublished":"2024-03-26T14:45:40+00:00","dateModified":"2024-03-26T16:07:26+00:00","breadcrumb":{"@id":"https:\/\/talladeferro.com\/producte\/penjarak-suport-tovallola\/#breadcrumb"},"inLanguage":"es","potentialAction":[{"@type":"ReadAction","target":["https:\/\/talladeferro.com\/producte\/penjarak-suport-tovallola\/"]}]},{"@type":"ImageObject","inLanguage":"es","@id":"https:\/\/talladeferro.com\/producte\/penjarak-suport-tovallola\/#primaryimage","url":"https:\/\/talladeferro.com\/wp-content\/uploads\/2024\/03\/5-e1711469166707.jpg","contentUrl":"https:\/\/talladeferro.com\/wp-content\/uploads\/2024\/03\/5-e1711469166707.jpg","width":1080,"height":714,"caption":"Penjador, tovalloles, wc, casa, creativitat, creativa, creatiu, artesania, ferro, minimal, disseny, Talla de Ferro, dona, feminisme, casa, decoraci\u00f3, mobiliari, a mida, personalitzat."},{"@type":"BreadcrumbList","@id":"https:\/\/talladeferro.com\/producte\/penjarak-suport-tovallola\/#breadcrumb","itemListElement":[{"@type":"ListItem","position":1,"name":"Inici","item":"https:\/\/talladeferro.com\/"},{"@type":"ListItem","position":2,"name":"Productes","item":"https:\/\/talladeferro.com\/shop\/"},{"@type":"ListItem","position":3,"name":"PENJARAK"}]},{"@type":"WebSite","@id":"https:\/\/talladeferro.com\/#website","url":"https:\/\/talladeferro.com\/","name":"Tall(a) de Ferro","description":"L&#039;artesana del ferro.","publisher":{"@id":"https:\/\/talladeferro.com\/#organization"},"potentialAction":[{"@type":"SearchAction","target":{"@type":"EntryPoint","urlTemplate":"https:\/\/talladeferro.com\/?s={search_term_string}"},"query-input":{"@type":"PropertyValueSpecification","valueRequired":true,"valueName":"search_term_string"}}],"inLanguage":"es"},{"@type":"Organization","@id":"https:\/\/talladeferro.com\/#organization","name":"Tall(a) de Ferro","url":"https:\/\/talladeferro.com\/","logo":{"@type":"ImageObject","inLanguage":"es","@id":"https:\/\/talladeferro.com\/#\/schema\/logo\/image\/","url":"https:\/\/talladeferro.com\/wp-content\/uploads\/2024\/03\/logo_talla_de_ferro.svg","contentUrl":"https:\/\/talladeferro.com\/wp-content\/uploads\/2024\/03\/logo_talla_de_ferro.svg","width":268,"height":163,"caption":"Tall(a) de Ferro"},"image":{"@id":"https:\/\/talladeferro.com\/#\/schema\/logo\/image\/"},"sameAs":["https:\/\/www.instagram.com\/talla_de_ferro\/"]}]}},"_links":{"self":[{"href":"https:\/\/talladeferro.com\/es\/wp-json\/wp\/v2\/product\/1713","targetHints":{"allow":["GET"]}}],"collection":[{"href":"https:\/\/talladeferro.com\/es\/wp-json\/wp\/v2\/product"}],"about":[{"href":"https:\/\/talladeferro.com\/es\/wp-json\/wp\/v2\/types\/product"}],"replies":[{"embeddable":true,"href":"https:\/\/talladeferro.com\/es\/wp-json\/wp\/v2\/comments?post=1713"}],"wp:featuredmedia":[{"embeddable":true,"href":"https:\/\/talladeferro.com\/es\/wp-json\/wp\/v2\/media\/1720"}],"wp:attachment":[{"href":"https:\/\/talladeferro.com\/es\/wp-json\/wp\/v2\/media?parent=1713"}],"wp:term":[{"taxonomy":"product_brand","embeddable":true,"href":"https:\/\/talladeferro.com\/es\/wp-json\/wp\/v2\/product_brand?post=1713"},{"taxonomy":"product_cat","embeddable":true,"href":"https:\/\/talladeferro.com\/es\/wp-json\/wp\/v2\/product_cat?post=1713"},{"taxonomy":"product_tag","embeddable":true,"href":"https:\/\/talladeferro.com\/es\/wp-json\/wp\/v2\/product_tag?post=1713"}],"curies":[{"name":"wp","href":"https:\/\/api.w.org\/{rel}","templated":true}]}}